{"id":381,"date":"2020-12-28T15:20:11","date_gmt":"2020-12-28T14:20:11","guid":{"rendered":"http:\/\/bildwerfer.de\/?page_id=381"},"modified":"2023-08-13T22:36:46","modified_gmt":"2023-08-13T20:36:46","slug":"kostueme","status":"publish","type":"page","link":"https:\/\/bildwerfer.de\/?page_id=381","title":{"rendered":"Ausstattung"},"content":{"rendered":"\r\n<p>&nbsp;<strong>Ausstattung (AUSWAHL)<\/strong><\/p>\r\n<p>Video f\u00fcr<span style=\"color: #008000;\"> <a href=\"https:\/\/stadttheaterbremerhaven.de\/schauspiel\/programm\/der-messias\/\" style=\"color: #008000;\"><strong>&#8222;Der Messias&#8220;<\/strong><\/a><\/span>&nbsp; von Patrick Barlow, Stadttheater Bremerhaven Premiere 16.09.2022, Regie Daniela Urban, Ausstattung Leah Lichtwitz<\/p>\r\n<p>Kost\u00fcme <strong><a href=\"https:\/\/www.haendel-channel.de\/de\/videos\/ezio-game-of-rome\/\"><span style=\"color: #008000;\">EZIO-Game of Rom<\/span>e<\/a> <\/strong>Jugendoper von Wolfgang Adenberg, Internationale H\u00e4ndelfestspiele G\u00f6ttingen, Premiere September 2021, Regie Sonja ELena Schroeder, B\u00fchne Marc Mahn, Musikalische Leitung Bernd Ruf<\/p>\r\n<p>Kost\u00fcme f\u00fcr<span style=\"color: #008000;\"> <strong>&#8222;MOMO&#8220;<\/strong><\/span> von Michael Ende, Schlosstheater Celle, Premiere als Film Dez. 2020 auf der B\u00fchne 23.1.2023, Regie Andreas D\u00f6ring, B\u00fchne Marc Mahn<\/p>\r\n<p>Ausstattung f\u00fcr <span style=\"color: #008000;\"><a href=\"https:\/\/www.sebastiansommer.com\/judas\/\" style=\"color: #008000;\"><strong>&#8222;JUDAS&#8220; <\/strong><\/a><\/span>von Lot Vekemanns, Junges Theater G\u00f6ttingen, Premiere 16.9.2017, Regie Sebastian Sommer<\/p>\r\n<!-- default-view.php -->\n<div\n\tclass=\"ngg-galleryoverview default-view \"\n\tid=\"ngg-gallery-f6dd22163047594e1cb2553eb21ae1db-1\">\n\n\t\t<!-- Thumbnails -->\n\t\t\t\t<div id=\"ngg-image-0\" class=\"ngg-gallery-thumbnail-box \" >\n\t\t\t\t        <div class=\"ngg-gallery-thumbnail\">\n            <a href=\"https:\/\/bildwerfer.de\/wp-content\/gallery\/ausstattung-neu\/csm_09_Stadttheater_Bremerhaven-DER_MESSIAS-Foto_Manja_Herrmann_7bb0896a70.jpg\"\n               title=\"\"\n               data-src=\"https:\/\/bildwerfer.de\/wp-content\/gallery\/ausstattung-neu\/csm_09_Stadttheater_Bremerhaven-DER_MESSIAS-Foto_Manja_Herrmann_7bb0896a70.jpg\"\n               data-thumbnail=\"https:\/\/bildwerfer.de\/wp-content\/gallery\/ausstattung-neu\/thumbs\/thumbs_csm_09_Stadttheater_Bremerhaven-DER_MESSIAS-Foto_Manja_Herrmann_7bb0896a70.jpg\"\n               data-image-id=\"155\"\n               data-title=\"csm_09_Stadttheater_Bremerhaven-DER_MESSIAS-Foto_Manja_Herrmann_7bb0896a70\"\n               data-description=\"\"\n               data-image-slug=\"csm_09_stadttheater_bremerhaven-der_messias-foto_manja_herrmann_7bb0896a70-1\"\n               class=\"ngg-simplelightbox\" rel=\"f6dd22163047594e1cb2553eb21ae1db\">\n                <img\n                    title=\"csm_09_Stadttheater_Bremerhaven-DER_MESSIAS-Foto_Manja_Herrmann_7bb0896a70\"\n                    alt=\"csm_09_Stadttheater_Bremerhaven-DER_MESSIAS-Foto_Manja_Herrmann_7bb0896a70\"\n                    src=\"https:\/\/bildwerfer.de\/wp-content\/gallery\/ausstattung-neu\/thumbs\/thumbs_csm_09_Stadttheater_Bremerhaven-DER_MESSIAS-Foto_Manja_Herrmann_7bb0896a70.jpg\"\n                    width=\"240\"\n                    height=\"160\"\n                    style=\"max-width:100%;\"\n                \/>\n            <\/a>\n        <\/div>\n\t\t\t\t\t\t\t<\/div> \n\t\t\t\n\t\t\t\t<div id=\"ngg-image-1\" class=\"ngg-gallery-thumbnail-box \" >\n\t\t\t\t        <div class=\"ngg-gallery-thumbnail\">\n            <a href=\"https:\/\/bildwerfer.de\/wp-content\/gallery\/ausstattung-neu\/IMG_20210514_172130-scaled.jpg\"\n               title=\"\"\n               data-src=\"https:\/\/bildwerfer.de\/wp-content\/gallery\/ausstattung-neu\/IMG_20210514_172130-scaled.jpg\"\n               data-thumbnail=\"https:\/\/bildwerfer.de\/wp-content\/gallery\/ausstattung-neu\/thumbs\/thumbs_IMG_20210514_172130-scaled.jpg\"\n               data-image-id=\"156\"\n               data-title=\"IMG_20210514_172130-scaled\"\n               data-description=\"\"\n               data-image-slug=\"img_20210514_172130-scaled-1\"\n               class=\"ngg-simplelightbox\" rel=\"f6dd22163047594e1cb2553eb21ae1db\">\n                <img\n                    title=\"IMG_20210514_172130-scaled\"\n                    alt=\"IMG_20210514_172130-scaled\"\n                    src=\"https:\/\/bildwerfer.de\/wp-content\/gallery\/ausstattung-neu\/thumbs\/thumbs_IMG_20210514_172130-scaled.jpg\"\n                    width=\"240\"\n                    height=\"160\"\n                    style=\"max-width:100%;\"\n                \/>\n            <\/a>\n        <\/div>\n\t\t\t\t\t\t\t<\/div> \n\t\t\t\n\t\t\t\t<div id=\"ngg-image-2\" class=\"ngg-gallery-thumbnail-box \" >\n\t\t\t\t        <div class=\"ngg-gallery-thumbnail\">\n            <a href=\"https:\/\/bildwerfer.de\/wp-content\/gallery\/ausstattung-neu\/IMG_20210514_191704-scaled.jpg\"\n               title=\"\"\n               data-src=\"https:\/\/bildwerfer.de\/wp-content\/gallery\/ausstattung-neu\/IMG_20210514_191704-scaled.jpg\"\n               data-thumbnail=\"https:\/\/bildwerfer.de\/wp-content\/gallery\/ausstattung-neu\/thumbs\/thumbs_IMG_20210514_191704-scaled.jpg\"\n               data-image-id=\"157\"\n               data-title=\"IMG_20210514_191704-scaled\"\n               data-description=\"\"\n               data-image-slug=\"img_20210514_191704-scaled-1\"\n               class=\"ngg-simplelightbox\" rel=\"f6dd22163047594e1cb2553eb21ae1db\">\n                <img\n                    title=\"IMG_20210514_191704-scaled\"\n                    alt=\"IMG_20210514_191704-scaled\"\n                    src=\"https:\/\/bildwerfer.de\/wp-content\/gallery\/ausstattung-neu\/thumbs\/thumbs_IMG_20210514_191704-scaled.jpg\"\n                    width=\"240\"\n                    height=\"160\"\n                    style=\"max-width:100%;\"\n                \/>\n            <\/a>\n        <\/div>\n\t\t\t\t\t\t\t<\/div> \n\t\t\t\n\t\t\t\t<div id=\"ngg-image-3\" class=\"ngg-gallery-thumbnail-box \" >\n\t\t\t\t        <div class=\"ngg-gallery-thumbnail\">\n            <a href=\"https:\/\/bildwerfer.de\/wp-content\/gallery\/ausstattung-neu\/IMG_20210522_121609-scaled.jpg\"\n               title=\"\"\n               data-src=\"https:\/\/bildwerfer.de\/wp-content\/gallery\/ausstattung-neu\/IMG_20210522_121609-scaled.jpg\"\n               data-thumbnail=\"https:\/\/bildwerfer.de\/wp-content\/gallery\/ausstattung-neu\/thumbs\/thumbs_IMG_20210522_121609-scaled.jpg\"\n               data-image-id=\"158\"\n               data-title=\"IMG_20210522_121609-scaled\"\n               data-description=\"\"\n               data-image-slug=\"img_20210522_121609-scaled-1\"\n               class=\"ngg-simplelightbox\" rel=\"f6dd22163047594e1cb2553eb21ae1db\">\n                <img\n                    title=\"IMG_20210522_121609-scaled\"\n                    alt=\"IMG_20210522_121609-scaled\"\n                    src=\"https:\/\/bildwerfer.de\/wp-content\/gallery\/ausstattung-neu\/thumbs\/thumbs_IMG_20210522_121609-scaled.jpg\"\n                    width=\"240\"\n                    height=\"160\"\n                    style=\"max-width:100%;\"\n                \/>\n            <\/a>\n        <\/div>\n\t\t\t\t\t\t\t<\/div> \n\t\t\t\n\t\t\t\t<div id=\"ngg-image-4\" class=\"ngg-gallery-thumbnail-box \" >\n\t\t\t\t        <div class=\"ngg-gallery-thumbnail\">\n            <a href=\"https:\/\/bildwerfer.de\/wp-content\/gallery\/ausstattung-neu\/IMG_20210716_142208-scaled.jpg\"\n               title=\"\"\n               data-src=\"https:\/\/bildwerfer.de\/wp-content\/gallery\/ausstattung-neu\/IMG_20210716_142208-scaled.jpg\"\n               data-thumbnail=\"https:\/\/bildwerfer.de\/wp-content\/gallery\/ausstattung-neu\/thumbs\/thumbs_IMG_20210716_142208-scaled.jpg\"\n               data-image-id=\"159\"\n               data-title=\"IMG_20210716_142208-scaled\"\n               data-description=\"\"\n               data-image-slug=\"img_20210716_142208-scaled-1\"\n               class=\"ngg-simplelightbox\" rel=\"f6dd22163047594e1cb2553eb21ae1db\">\n                <img\n                    title=\"IMG_20210716_142208-scaled\"\n                    alt=\"IMG_20210716_142208-scaled\"\n                    src=\"https:\/\/bildwerfer.de\/wp-content\/gallery\/ausstattung-neu\/thumbs\/thumbs_IMG_20210716_142208-scaled.jpg\"\n                    width=\"240\"\n                    height=\"160\"\n                    style=\"max-width:100%;\"\n                \/>\n            <\/a>\n        <\/div>\n\t\t\t\t\t\t\t<\/div> \n\t\t\t\n\t\t\t\t<div id=\"ngg-image-5\" class=\"ngg-gallery-thumbnail-box \" >\n\t\t\t\t        <div class=\"ngg-gallery-thumbnail\">\n            <a href=\"https:\/\/bildwerfer.de\/wp-content\/gallery\/ausstattung-neu\/IMG_20210718_172747-scaled.jpg\"\n               title=\"\"\n               data-src=\"https:\/\/bildwerfer.de\/wp-content\/gallery\/ausstattung-neu\/IMG_20210718_172747-scaled.jpg\"\n               data-thumbnail=\"https:\/\/bildwerfer.de\/wp-content\/gallery\/ausstattung-neu\/thumbs\/thumbs_IMG_20210718_172747-scaled.jpg\"\n               data-image-id=\"160\"\n               data-title=\"IMG_20210718_172747-scaled\"\n               data-description=\"\"\n               data-image-slug=\"img_20210718_172747-scaled-1\"\n               class=\"ngg-simplelightbox\" rel=\"f6dd22163047594e1cb2553eb21ae1db\">\n                <img\n                    title=\"IMG_20210718_172747-scaled\"\n                    alt=\"IMG_20210718_172747-scaled\"\n                    src=\"https:\/\/bildwerfer.de\/wp-content\/gallery\/ausstattung-neu\/thumbs\/thumbs_IMG_20210718_172747-scaled.jpg\"\n                    width=\"240\"\n                    height=\"160\"\n                    style=\"max-width:100%;\"\n                \/>\n            <\/a>\n        <\/div>\n\t\t\t\t\t\t\t<\/div> \n\t\t\t\n\t\t\t\t<div id=\"ngg-image-6\" class=\"ngg-gallery-thumbnail-box \" >\n\t\t\t\t        <div class=\"ngg-gallery-thumbnail\">\n            <a href=\"https:\/\/bildwerfer.de\/wp-content\/gallery\/ausstattung-neu\/IMG_20210719_225209-scaled.jpg\"\n               title=\"\"\n               data-src=\"https:\/\/bildwerfer.de\/wp-content\/gallery\/ausstattung-neu\/IMG_20210719_225209-scaled.jpg\"\n               data-thumbnail=\"https:\/\/bildwerfer.de\/wp-content\/gallery\/ausstattung-neu\/thumbs\/thumbs_IMG_20210719_225209-scaled.jpg\"\n               data-image-id=\"161\"\n               data-title=\"IMG_20210719_225209-scaled\"\n               data-description=\"\"\n               data-image-slug=\"img_20210719_225209-scaled-1\"\n               class=\"ngg-simplelightbox\" rel=\"f6dd22163047594e1cb2553eb21ae1db\">\n                <img\n                    title=\"IMG_20210719_225209-scaled\"\n                    alt=\"IMG_20210719_225209-scaled\"\n                    src=\"https:\/\/bildwerfer.de\/wp-content\/gallery\/ausstattung-neu\/thumbs\/thumbs_IMG_20210719_225209-scaled.jpg\"\n                    width=\"240\"\n                    height=\"160\"\n                    style=\"max-width:100%;\"\n                \/>\n            <\/a>\n        <\/div>\n\t\t\t\t\t\t\t<\/div> \n\t\t\t\n\t\t\t\t<div id=\"ngg-image-7\" class=\"ngg-gallery-thumbnail-box \" >\n\t\t\t\t        <div class=\"ngg-gallery-thumbnail\">\n            <a href=\"https:\/\/bildwerfer.de\/wp-content\/gallery\/ausstattung-neu\/IMG_20210719_232829-scaled.jpg\"\n               title=\"\"\n               data-src=\"https:\/\/bildwerfer.de\/wp-content\/gallery\/ausstattung-neu\/IMG_20210719_232829-scaled.jpg\"\n               data-thumbnail=\"https:\/\/bildwerfer.de\/wp-content\/gallery\/ausstattung-neu\/thumbs\/thumbs_IMG_20210719_232829-scaled.jpg\"\n               data-image-id=\"162\"\n               data-title=\"rpt\"\n               data-description=\"\"\n               data-image-slug=\"rpt\"\n               class=\"ngg-simplelightbox\" rel=\"f6dd22163047594e1cb2553eb21ae1db\">\n                <img\n                    title=\"rpt\"\n                    alt=\"rpt\"\n                    src=\"https:\/\/bildwerfer.de\/wp-content\/gallery\/ausstattung-neu\/thumbs\/thumbs_IMG_20210719_232829-scaled.jpg\"\n                    width=\"240\"\n                    height=\"160\"\n                    style=\"max-width:100%;\"\n                \/>\n            <\/a>\n        <\/div>\n\t\t\t\t\t\t\t<\/div> \n\t\t\t\n\t\t\t\t<div id=\"ngg-image-8\" class=\"ngg-gallery-thumbnail-box \" >\n\t\t\t\t        <div class=\"ngg-gallery-thumbnail\">\n            <a href=\"https:\/\/bildwerfer.de\/wp-content\/gallery\/ausstattung-neu\/IMG_20210720_191026-scaled.jpg\"\n               title=\"\"\n               data-src=\"https:\/\/bildwerfer.de\/wp-content\/gallery\/ausstattung-neu\/IMG_20210720_191026-scaled.jpg\"\n               data-thumbnail=\"https:\/\/bildwerfer.de\/wp-content\/gallery\/ausstattung-neu\/thumbs\/thumbs_IMG_20210720_191026-scaled.jpg\"\n               data-image-id=\"163\"\n               data-title=\"IMG_20210720_191026-scaled\"\n               data-description=\"\"\n               data-image-slug=\"img_20210720_191026-scaled-1\"\n               class=\"ngg-simplelightbox\" rel=\"f6dd22163047594e1cb2553eb21ae1db\">\n                <img\n                    title=\"IMG_20210720_191026-scaled\"\n                    alt=\"IMG_20210720_191026-scaled\"\n                    src=\"https:\/\/bildwerfer.de\/wp-content\/gallery\/ausstattung-neu\/thumbs\/thumbs_IMG_20210720_191026-scaled.jpg\"\n                    width=\"240\"\n                    height=\"160\"\n                    style=\"max-width:100%;\"\n                \/>\n            <\/a>\n        <\/div>\n\t\t\t\t\t\t\t<\/div> \n\t\t\t\n\t\n\t<br style=\"clear: both\" \/>\n\n\t\n\t\t<!-- Pagination -->\n\t<div class='ngg-clear'><\/div>\t<\/div>\n\r\n\r\n\r\n","protected":false},"excerpt":{"rendered":"<p>&nbsp;Ausstattung (AUSWAHL) Video f\u00fcr &#8222;Der Messias&#8220;&nbsp; von Patrick Barlow, Stadttheater Bremerhaven Premiere 16.09.2022, Regie Daniela Urban, Ausstattung Leah Lichtwitz Kost\u00fcme EZIO-Game of Rome Jugendoper von Wolfgang Adenberg, Internationale H\u00e4ndelfestspiele G\u00f6ttingen, Premiere September 2021, Regie Sonja ELena Schroeder, B\u00fchne Marc Mahn, Musikalische Leitung Bernd Ruf Kost\u00fcme f\u00fcr &#8222;MOMO&#8220; von Michael Ende, [&hellip;]<\/p>\n","protected":false},"author":1,"featured_media":0,"parent":69,"menu_order":0,"comment_status":"closed","ping_status":"closed","template":"","meta":{"ngg_post_thumbnail":0,"footnotes":""},"_links":{"self":[{"href":"https:\/\/bildwerfer.de\/index.php?rest_route=\/wp\/v2\/pages\/381"}],"collection":[{"href":"https:\/\/bildwerfer.de\/index.php?rest_route=\/wp\/v2\/pages"}],"about":[{"href":"https:\/\/bildwerfer.de\/index.php?rest_route=\/wp\/v2\/types\/page"}],"author":[{"embeddable":true,"href":"https:\/\/bildwerfer.de\/index.php?rest_route=\/wp\/v2\/users\/1"}],"replies":[{"embeddable":true,"href":"https:\/\/bildwerfer.de\/index.php?rest_route=%2Fwp%2Fv2%2Fcomments&post=381"}],"version-history":[{"count":11,"href":"https:\/\/bildwerfer.de\/index.php?rest_route=\/wp\/v2\/pages\/381\/revisions"}],"predecessor-version":[{"id":921,"href":"https:\/\/bildwerfer.de\/index.php?rest_route=\/wp\/v2\/pages\/381\/revisions\/921"}],"up":[{"embeddable":true,"href":"https:\/\/bildwerfer.de\/index.php?rest_route=\/wp\/v2\/pages\/69"}],"wp:attachment":[{"href":"https:\/\/bildwerfer.de\/index.php?rest_route=%2Fwp%2Fv2%2Fmedia&parent=381"}],"curies":[{"name":"wp","href":"https:\/\/api.w.org\/{rel}","templated":true}]}}