{"id":922,"date":"2023-08-13T22:52:15","date_gmt":"2023-08-13T20:52:15","guid":{"rendered":"https:\/\/bildwerfer.de\/?page_id=922"},"modified":"2023-08-21T13:20:57","modified_gmt":"2023-08-21T11:20:57","slug":"regie-2","status":"publish","type":"page","link":"https:\/\/bildwerfer.de\/?page_id=922","title":{"rendered":"Regie"},"content":{"rendered":"<div class=\"wp-block-column\">\r\n\n\n<div class=\"ngg-galleryoverview ngg-slideshow\"\n\t id=\"ngg-slideshow-a6fc19d6c686798f194523866133e96b-14969236800\"\n     data-gallery-id=\"a6fc19d6c686798f194523866133e96b\"\n     style=\"max-width: 750px; max-height: 500px;\">\n\n \t<div id=\"ngg-image-0\" class=\"ngg-gallery-slideshow-image\" style=\"height:500px\">\n\n        <a href=\"https:\/\/bildwerfer.de\/wp-content\/gallery\/regie-2\/Fatima-1.jpg\"\n           title=\"\"\n           data-src=\"https:\/\/bildwerfer.de\/wp-content\/gallery\/regie-2\/Fatima-1.jpg\"\n           data-thumbnail=\"https:\/\/bildwerfer.de\/wp-content\/gallery\/regie-2\/thumbs\/thumbs_Fatima-1.jpg\"\n           data-image-id=\"164\"\n           data-title=\"Fatima-1\"\n           data-description=\"\"\n           class=\"ngg-simplelightbox\" rel=\"a6fc19d6c686798f194523866133e96b\">\n\n            <img data-image-id='164'\n                 title=\"\"\n                 alt=\"Fatima-1\"\n                 src=\"https:\/\/bildwerfer.de\/wp-content\/gallery\/regie-2\/Fatima-1.jpg\"\n                 style=\"max-height: 480px;\"\/>\n        <\/a>\n\n        <\/div> \n<div id=\"ngg-image-1\" class=\"ngg-gallery-slideshow-image\" style=\"height:500px\">\n\n        <a href=\"https:\/\/bildwerfer.de\/wp-content\/gallery\/regie-2\/Hexe-1.jpg\"\n           title=\"\"\n           data-src=\"https:\/\/bildwerfer.de\/wp-content\/gallery\/regie-2\/Hexe-1.jpg\"\n           data-thumbnail=\"https:\/\/bildwerfer.de\/wp-content\/gallery\/regie-2\/thumbs\/thumbs_Hexe-1.jpg\"\n           data-image-id=\"165\"\n           data-title=\"Hexe-1\"\n           data-description=\"\"\n           class=\"ngg-simplelightbox\" rel=\"a6fc19d6c686798f194523866133e96b\">\n\n            <img data-image-id='165'\n                 title=\"\"\n                 alt=\"Hexe-1\"\n                 src=\"https:\/\/bildwerfer.de\/wp-content\/gallery\/regie-2\/Hexe-1.jpg\"\n                 style=\"max-height: 480px;\"\/>\n        <\/a>\n\n        <\/div> \n<div id=\"ngg-image-2\" class=\"ngg-gallery-slideshow-image\" style=\"height:500px\">\n\n        <a href=\"https:\/\/bildwerfer.de\/wp-content\/gallery\/regie-2\/Frosch-6.jpg\"\n           title=\"\"\n           data-src=\"https:\/\/bildwerfer.de\/wp-content\/gallery\/regie-2\/Frosch-6.jpg\"\n           data-thumbnail=\"https:\/\/bildwerfer.de\/wp-content\/gallery\/regie-2\/thumbs\/thumbs_Frosch-6.jpg\"\n           data-image-id=\"166\"\n           data-title=\"Frosch-6\"\n           data-description=\"\"\n           class=\"ngg-simplelightbox\" rel=\"a6fc19d6c686798f194523866133e96b\">\n\n            <img data-image-id='166'\n                 title=\"\"\n                 alt=\"Frosch-6\"\n                 src=\"https:\/\/bildwerfer.de\/wp-content\/gallery\/regie-2\/Frosch-6.jpg\"\n                 style=\"max-height: 480px;\"\/>\n        <\/a>\n\n        <\/div> \n<div id=\"ngg-image-3\" class=\"ngg-gallery-slideshow-image\" style=\"height:500px\">\n\n        <a href=\"https:\/\/bildwerfer.de\/wp-content\/gallery\/regie-2\/wcc3.jpg\"\n           title=\"ok\"\n           data-src=\"https:\/\/bildwerfer.de\/wp-content\/gallery\/regie-2\/wcc3.jpg\"\n           data-thumbnail=\"https:\/\/bildwerfer.de\/wp-content\/gallery\/regie-2\/thumbs\/thumbs_wcc3.jpg\"\n           data-image-id=\"167\"\n           data-title=\"Westside Culture Clash\"\n           data-description=\"ok\"\n           class=\"ngg-simplelightbox\" rel=\"a6fc19d6c686798f194523866133e96b\">\n\n            <img data-image-id='167'\n                 title=\"ok\"\n                 alt=\"Westside Culture Clash\"\n                 src=\"https:\/\/bildwerfer.de\/wp-content\/gallery\/regie-2\/wcc3.jpg\"\n                 style=\"max-height: 480px;\"\/>\n        <\/a>\n\n        <\/div> \n<div id=\"ngg-image-4\" class=\"ngg-gallery-slideshow-image\" style=\"height:500px\">\n\n        <a href=\"https:\/\/bildwerfer.de\/wp-content\/gallery\/regie-2\/HBL4873-scaled.jpg\"\n           title=\"\"\n           data-src=\"https:\/\/bildwerfer.de\/wp-content\/gallery\/regie-2\/HBL4873-scaled.jpg\"\n           data-thumbnail=\"https:\/\/bildwerfer.de\/wp-content\/gallery\/regie-2\/thumbs\/thumbs_HBL4873-scaled.jpg\"\n           data-image-id=\"168\"\n           data-title=\"HBL4873-scaled\"\n           data-description=\"\"\n           class=\"ngg-simplelightbox\" rel=\"a6fc19d6c686798f194523866133e96b\">\n\n            <img data-image-id='168'\n                 title=\"\"\n                 alt=\"HBL4873-scaled\"\n                 src=\"https:\/\/bildwerfer.de\/wp-content\/gallery\/regie-2\/HBL4873-scaled.jpg\"\n                 style=\"max-height: 480px;\"\/>\n        <\/a>\n\n        <\/div> \n<div id=\"ngg-image-5\" class=\"ngg-gallery-slideshow-image\" style=\"height:500px\">\n\n        <a href=\"https:\/\/bildwerfer.de\/wp-content\/gallery\/regie-2\/IMG-20190315-WA0001.jpg\"\n           title=\"\"\n           data-src=\"https:\/\/bildwerfer.de\/wp-content\/gallery\/regie-2\/IMG-20190315-WA0001.jpg\"\n           data-thumbnail=\"https:\/\/bildwerfer.de\/wp-content\/gallery\/regie-2\/thumbs\/thumbs_IMG-20190315-WA0001.jpg\"\n           data-image-id=\"169\"\n           data-title=\"Schwesternherz\/ Zehra nasil \u00f6ldu\"\n           data-description=\"\"\n           class=\"ngg-simplelightbox\" rel=\"a6fc19d6c686798f194523866133e96b\">\n\n            <img data-image-id='169'\n                 title=\"\"\n                 alt=\"Schwesternherz\/ Zehra nasil \u00f6ldu\"\n                 src=\"https:\/\/bildwerfer.de\/wp-content\/gallery\/regie-2\/IMG-20190315-WA0001.jpg\"\n                 style=\"max-height: 480px;\"\/>\n        <\/a>\n\n        <\/div> \n<div id=\"ngg-image-6\" class=\"ngg-gallery-slideshow-image\" style=\"height:500px\">\n\n        <a href=\"https:\/\/bildwerfer.de\/wp-content\/gallery\/regie-2\/24-scaled.jpg\"\n           title=\"\"\n           data-src=\"https:\/\/bildwerfer.de\/wp-content\/gallery\/regie-2\/24-scaled.jpg\"\n           data-thumbnail=\"https:\/\/bildwerfer.de\/wp-content\/gallery\/regie-2\/thumbs\/thumbs_24-scaled.jpg\"\n           data-image-id=\"170\"\n           data-title=\"Schwesternherz\/ Zehra nasil \u00f6ldu\"\n           data-description=\"\"\n           class=\"ngg-simplelightbox\" rel=\"a6fc19d6c686798f194523866133e96b\">\n\n            <img data-image-id='170'\n                 title=\"\"\n                 alt=\"Schwesternherz\/ Zehra nasil \u00f6ldu\"\n                 src=\"https:\/\/bildwerfer.de\/wp-content\/gallery\/regie-2\/24-scaled.jpg\"\n                 style=\"max-height: 480px;\"\/>\n        <\/a>\n\n        <\/div> \n<div id=\"ngg-image-7\" class=\"ngg-gallery-slideshow-image\" style=\"height:500px\">\n\n        <a href=\"https:\/\/bildwerfer.de\/wp-content\/gallery\/regie-2\/IMG_20201031_192001-scaled.jpg\"\n           title=\"\"\n           data-src=\"https:\/\/bildwerfer.de\/wp-content\/gallery\/regie-2\/IMG_20201031_192001-scaled.jpg\"\n           data-thumbnail=\"https:\/\/bildwerfer.de\/wp-content\/gallery\/regie-2\/thumbs\/thumbs_IMG_20201031_192001-scaled.jpg\"\n           data-image-id=\"171\"\n           data-title=\"IMG_20201031_192001-scaled\"\n           data-description=\"\"\n           class=\"ngg-simplelightbox\" rel=\"a6fc19d6c686798f194523866133e96b\">\n\n            <img data-image-id='171'\n                 title=\"\"\n                 alt=\"IMG_20201031_192001-scaled\"\n                 src=\"https:\/\/bildwerfer.de\/wp-content\/gallery\/regie-2\/IMG_20201031_192001-scaled.jpg\"\n                 style=\"max-height: 480px;\"\/>\n        <\/a>\n\n        <\/div> \n<div id=\"ngg-image-8\" class=\"ngg-gallery-slideshow-image\" style=\"height:500px\">\n\n        <a href=\"https:\/\/bildwerfer.de\/wp-content\/gallery\/regie-2\/IMG_20201029_194333-scaled.jpg\"\n           title=\"\"\n           data-src=\"https:\/\/bildwerfer.de\/wp-content\/gallery\/regie-2\/IMG_20201029_194333-scaled.jpg\"\n           data-thumbnail=\"https:\/\/bildwerfer.de\/wp-content\/gallery\/regie-2\/thumbs\/thumbs_IMG_20201029_194333-scaled.jpg\"\n           data-image-id=\"172\"\n           data-title=\"IMG_20201029_194333-scaled\"\n           data-description=\"\"\n           class=\"ngg-simplelightbox\" rel=\"a6fc19d6c686798f194523866133e96b\">\n\n            <img data-image-id='172'\n                 title=\"\"\n                 alt=\"IMG_20201029_194333-scaled\"\n                 src=\"https:\/\/bildwerfer.de\/wp-content\/gallery\/regie-2\/IMG_20201029_194333-scaled.jpg\"\n                 style=\"max-height: 480px;\"\/>\n        <\/a>\n\n        <\/div> \n<div id=\"ngg-image-9\" class=\"ngg-gallery-slideshow-image\" style=\"height:500px\">\n\n        <a href=\"https:\/\/bildwerfer.de\/wp-content\/gallery\/regie-2\/IMG_20201101_131129-scaled.jpg\"\n           title=\"\"\n           data-src=\"https:\/\/bildwerfer.de\/wp-content\/gallery\/regie-2\/IMG_20201101_131129-scaled.jpg\"\n           data-thumbnail=\"https:\/\/bildwerfer.de\/wp-content\/gallery\/regie-2\/thumbs\/thumbs_IMG_20201101_131129-scaled.jpg\"\n           data-image-id=\"173\"\n           data-title=\"IMG_20201101_131129-scaled\"\n           data-description=\"\"\n           class=\"ngg-simplelightbox\" rel=\"a6fc19d6c686798f194523866133e96b\">\n\n            <img data-image-id='173'\n                 title=\"\"\n                 alt=\"IMG_20201101_131129-scaled\"\n                 src=\"https:\/\/bildwerfer.de\/wp-content\/gallery\/regie-2\/IMG_20201101_131129-scaled.jpg\"\n                 style=\"max-height: 480px;\"\/>\n        <\/a>\n\n        <\/div> \n<div id=\"ngg-image-10\" class=\"ngg-gallery-slideshow-image\" style=\"height:500px\">\n\n        <a href=\"https:\/\/bildwerfer.de\/wp-content\/gallery\/regie-2\/IMG_20201101_143847-scaled.jpg\"\n           title=\"\"\n           data-src=\"https:\/\/bildwerfer.de\/wp-content\/gallery\/regie-2\/IMG_20201101_143847-scaled.jpg\"\n           data-thumbnail=\"https:\/\/bildwerfer.de\/wp-content\/gallery\/regie-2\/thumbs\/thumbs_IMG_20201101_143847-scaled.jpg\"\n           data-image-id=\"174\"\n           data-title=\"IMG_20201101_143847-scaled\"\n           data-description=\"\"\n           class=\"ngg-simplelightbox\" rel=\"a6fc19d6c686798f194523866133e96b\">\n\n            <img data-image-id='174'\n                 title=\"\"\n                 alt=\"IMG_20201101_143847-scaled\"\n                 src=\"https:\/\/bildwerfer.de\/wp-content\/gallery\/regie-2\/IMG_20201101_143847-scaled.jpg\"\n                 style=\"max-height: 480px;\"\/>\n        <\/a>\n\n        <\/div> \n<div id=\"ngg-image-11\" class=\"ngg-gallery-slideshow-image\" style=\"height:500px\">\n\n        <a href=\"https:\/\/bildwerfer.de\/wp-content\/gallery\/regie-2\/IMG_20210719_225209-scaled.jpg\"\n           title=\"\"\n           data-src=\"https:\/\/bildwerfer.de\/wp-content\/gallery\/regie-2\/IMG_20210719_225209-scaled.jpg\"\n           data-thumbnail=\"https:\/\/bildwerfer.de\/wp-content\/gallery\/regie-2\/thumbs\/thumbs_IMG_20210719_225209-scaled.jpg\"\n           data-image-id=\"175\"\n           data-title=\"IMG_20210719_225209-scaled\"\n           data-description=\"\"\n           class=\"ngg-simplelightbox\" rel=\"a6fc19d6c686798f194523866133e96b\">\n\n            <img data-image-id='175'\n                 title=\"\"\n                 alt=\"IMG_20210719_225209-scaled\"\n                 src=\"https:\/\/bildwerfer.de\/wp-content\/gallery\/regie-2\/IMG_20210719_225209-scaled.jpg\"\n                 style=\"max-height: 480px;\"\/>\n        <\/a>\n\n        <\/div> \n<div id=\"ngg-image-12\" class=\"ngg-gallery-slideshow-image\" style=\"height:500px\">\n\n        <a href=\"https:\/\/bildwerfer.de\/wp-content\/gallery\/regie-2\/Next-level-Sebastian-Dohm.jpg\"\n           title=\"\"\n           data-src=\"https:\/\/bildwerfer.de\/wp-content\/gallery\/regie-2\/Next-level-Sebastian-Dohm.jpg\"\n           data-thumbnail=\"https:\/\/bildwerfer.de\/wp-content\/gallery\/regie-2\/thumbs\/thumbs_Next-level-Sebastian-Dohm.jpg\"\n           data-image-id=\"176\"\n           data-title=\"Next-level-Sebastian-Dohm\"\n           data-description=\"\"\n           class=\"ngg-simplelightbox\" rel=\"a6fc19d6c686798f194523866133e96b\">\n\n            <img data-image-id='176'\n                 title=\"\"\n                 alt=\"Next-level-Sebastian-Dohm\"\n                 src=\"https:\/\/bildwerfer.de\/wp-content\/gallery\/regie-2\/Next-level-Sebastian-Dohm.jpg\"\n                 style=\"max-height: 480px;\"\/>\n        <\/a>\n\n        <\/div> \n<div id=\"ngg-image-13\" class=\"ngg-gallery-slideshow-image\" style=\"height:500px\">\n\n        <a href=\"https:\/\/bildwerfer.de\/wp-content\/gallery\/regie-2\/csm_GELD_1__c_Pia_Vallilengua_Meyer_5b11b90814.jpg\"\n           title=\"\"\n           data-src=\"https:\/\/bildwerfer.de\/wp-content\/gallery\/regie-2\/csm_GELD_1__c_Pia_Vallilengua_Meyer_5b11b90814.jpg\"\n           data-thumbnail=\"https:\/\/bildwerfer.de\/wp-content\/gallery\/regie-2\/thumbs\/thumbs_csm_GELD_1__c_Pia_Vallilengua_Meyer_5b11b90814.jpg\"\n           data-image-id=\"177\"\n           data-title=\"csm_GELD_1__c_Pia_Vallilengua_Meyer_5b11b90814\"\n           data-description=\"\"\n           class=\"ngg-simplelightbox\" rel=\"a6fc19d6c686798f194523866133e96b\">\n\n            <img data-image-id='177'\n                 title=\"\"\n                 alt=\"csm_GELD_1__c_Pia_Vallilengua_Meyer_5b11b90814\"\n                 src=\"https:\/\/bildwerfer.de\/wp-content\/gallery\/regie-2\/csm_GELD_1__c_Pia_Vallilengua_Meyer_5b11b90814.jpg\"\n                 style=\"max-height: 480px;\"\/>\n        <\/a>\n\n        <\/div> \n<\/div>\n\n\n\n\r\n<\/div>\r\n<div><\/div>\r\n<div class=\"wp-block-column\">\r\n<div id=\"attachment_899\" style=\"width: 346px\" class=\"wp-caption alignright\"><img aria-describedby=\"caption-attachment-899\" decoding=\"async\" loading=\"lazy\" src=\"https:\/\/bildwerfer.de\/wp-content\/uploads\/2023\/08\/Next-level-Sebastian-Dohm-1-300x225.jpg\" alt=\"\" width=\"336\" height=\"252\" class=\"wp-image-899\" srcset=\"https:\/\/bildwerfer.de\/wp-content\/uploads\/2023\/08\/Next-level-Sebastian-Dohm-1-300x225.jpg 300w, https:\/\/bildwerfer.de\/wp-content\/uploads\/2023\/08\/Next-level-Sebastian-Dohm-1-768x576.jpg 768w, https:\/\/bildwerfer.de\/wp-content\/uploads\/2023\/08\/Next-level-Sebastian-Dohm-1-250x188.jpg 250w, https:\/\/bildwerfer.de\/wp-content\/uploads\/2023\/08\/Next-level-Sebastian-Dohm-1-307x230.jpg 307w, https:\/\/bildwerfer.de\/wp-content\/uploads\/2023\/08\/Next-level-Sebastian-Dohm-1.jpg 992w\" sizes=\"(max-width: 336px) 100vw, 336px\" \/><p id=\"caption-attachment-899\" class=\"wp-caption-text\">NEXT LEVEL Foto: Sebastian Dohm<\/p><\/div>\r\n<strong><\/strong><\/div>\r\n<h4 class=\"wp-block-column\"><strong>selbst konzipierte St\u00fccke\/Projekte (Auswahl)<\/strong><\/h4>\r\n<div class=\"wp-block-column\"><a href=\"https:\/\/boatpeopleprojekt.de\/programm\/stuecke-aktuell\/next-level\"><strong><span style=\"color: #008000;\">\u21d2NEXT LEVEL<\/span><\/strong><\/a>&#8211; ein Kindertheaterst\u00fcck \u00fcber Games, Premiere 3.6.2023, WERKRAUM G\u00f6ttingen, boat people projekt<\/div>\r\n<div><a href=\"https:\/\/boatpeopleprojekt.de\/ueber-geld-spricht-man-nicht\"><span style=\"color: #008000;\"><strong>\u21d2\u00dcBERGELDSPRICHTMAN<del>NICHT<\/del><\/strong><\/span><\/a>&#8211; ein Theatergame \u00fcber den Spielplatz Finanzmarkt, Premiere 10.6.2022, WERKRAUM boat people projeket<\/div>\r\n<div class=\"wp-block-column\"><a href=\"https:\/\/boatpeopleprojekt.de\/aehm\"><strong><span style=\"color: #008000;\">\u21d2\u00c4hm!?<\/span><\/strong><\/a>&#8211; ein mobiles Kinderst\u00fcck \u00fcber Sprache und Verst\u00e4ndigung auf portugiesisch und schwedisch und ein bisschen deutsch, Premiere 21.06.2021, WERKRAUM G\u00f6ttingen, boat people projekt<\/div>\r\n<div class=\"wp-block-column\"><a href=\"https:\/\/www.youtube.com\/results?search_query=Schlosstheater+celle+Konferenz+der+Tiere\"><strong><span style=\"color: #008000;\">\u21d2Konferenz der Tiere<\/span><\/strong><\/a>&#8211; eine Theaterserie f\u00fcr Kinder in Pandemiezeiten, Premieren #1: 13.09., #2: 11.10., #3: 14.11.2020, #4: 30.01.21, #5: 13.02.21<\/div>\r\n<div class=\"wp-block-column\"><!-- \/wp:paragraph -->\r\n\r\n<!-- wp:paragraph --><!-- \/wp:paragraph -->\r\n\r\n<!-- wp:paragraph --><a href=\"https:\/\/www.youtube.com\/watch?v=wtouYNt1Jik&amp;t=7s\"><strong><span style=\"color: #008000;\">\u21d2Arche Nova-Wir sind nicht mehr was wir waren, aber was wir sein werden, wissen wir nicht<\/span><\/strong><\/a>&#8211; ein Containerprojekt zu Isolation und Neuerfindung, Premiere 26.11.2020, Vorplatz Stadtbibliothek Paderborn, in Koop. boat people projekt mit kleiner Container<\/div>\r\n<div class=\"wp-block-column\"><!-- \/wp:paragraph -->\r\n\r\n<!-- wp:paragraph --><!-- \/wp:paragraph -->\r\n\r\n<!-- wp:paragraph --><!-- \/wp:paragraph -->\r\n\r\n<!-- wp:paragraph --><!-- \/wp:paragraph -->\r\n\r\n<!-- wp:paragraph --><span style=\"color: #008000;\"><strong>Schwesternherz oder Zehra nasil \u00f6ldu<\/strong><\/span>-von Ceylan Unal, Premiere 21.03.2019, Ausstattung Thomas Rump, boat people projekt <!-- \/wp:paragraph -->\r\n\r\n<!-- wp:paragraph --><!-- \/wp:paragraph -->\r\n\r\n<!-- wp:button {\"borderRadius\":50,\"style\":{\"color\":{\"text\":\"#ba0c49\"}},\"className\":\"is-style-outline\"} --><\/div>\r\n<h4><!-- \/wp:column -->\r\n\r\n<!-- wp:column --><\/h4>\r\n<h4 class=\"wp-block-column\"><!-- wp:buttons --><\/h4>\r\n<h4 class=\"wp-block-column\"><strong>Inszenierungen (Auswahl)&nbsp;<\/strong><\/h4>\r\n<div class=\"wp-block-column\"><a href=\"https:\/\/www.youtube.com\/watch?v=h7aRr6shWAk\"><strong><span style=\"color: #008000;\">\u21d2WUNSCHFUNK Celle<\/span><\/strong><\/a>-musikalischer Abend \u00fcber Celle und seine W\u00fcnsche, St\u00fcckentwicklung, Premiere 19.01.2023, Schlosstheater Celle, Musikalische Leitung Moritz Aring<\/div>\r\n<div class=\"wp-block-column\"><a href=\"https:\/\/www.youtube.com\/watch?v=ZuzHpTJHlU8\"><span style=\"color: #008000;\"><strong>\u21d2Der Zauberer von Oz<\/strong><\/span>&#8211;<\/a> Kindertheaterst\u00fcck nach Lyman Frank Baum, Premiere 17.11.2022, Schlosstheater Celle, B\u00fchnenbild Mara Zechendorf, Kost\u00fcme Rabea Stadthaus, Musik Tiana Kruskic<\/div>\r\n<div class=\"wp-block-column\"><span style=\"color: #008000;\"><strong>TSCHICK<\/strong><\/span> in der Fassung von Koall, Premiere 05.05.22, Schlosstheater Celle, Ausstattung Marc Mahn<\/div>\r\n<div class=\"wp-block-column\"><strong><span style=\"color: #008000;\">Sams- eine Woche voller Samstage<\/span>&#8211;&nbsp;<\/strong>ein Kindertheaterst\u00fcck von Paul Maar, Premiere 14.11.2019, Schlosstheater Celle, Ausstattung Marc Mahn, Musik Lennart Busse<\/div>\r\n<div class=\"wp-block-column\"><span style=\"color: #008000;\"><strong>Warum Zwerge immer aufpassen m\u00fcssen<\/strong><\/span>&#8211; eine Schneewittchen- Bearbeitung mit Objekten, Premiere 7.9.2019, Schlosstheater Celle Ausstattung Sabina Moncys<\/div>\r\n<div class=\"wp-block-column\"><strong><span style=\"color: #008000;\">Aschenputtel<\/span>&#8211; <\/strong>eine freie Bearbeitung nach dem M\u00e4rchen der Gebr\u00fcder Grimm, Premiere 15.11.2018, Schlosstheater Celle, Ausstattung Marc Mahn, Musik Matthias Grote<\/div>\r\n<div class=\"wp-block-column\"><span style=\"color: #008000;\"><strong>Fatima und der Traumdieb<\/strong><\/span>&#8211; eine Bearbeitung des Kinderbuchs von Rafik Schami auf kurdisch und deutsch, Premiere 6.01.2017, Schlosstheater Celle<\/div>\r\n<div class=\"wp-block-buttons\">\r\n<div class=\"wp-block-button is-style-outline\"><\/div>\r\n<!-- \/wp:button --><\/div>\r\n<h4 class=\"wp-block-column\"><strong>Projekte mit jungen Menschen (Auswahl)<\/strong><\/h4>\r\n<div class=\"wp-block-column\"><strong><img decoding=\"async\" loading=\"lazy\" src=\"https:\/\/bildwerfer.de\/wp-content\/uploads\/2023\/08\/IMG_20210718_172747-300x225.jpg\" alt=\"\" width=\"328\" height=\"246\" class=\" wp-image-872 alignright\" srcset=\"https:\/\/bildwerfer.de\/wp-content\/uploads\/2023\/08\/IMG_20210718_172747-300x225.jpg 300w, https:\/\/bildwerfer.de\/wp-content\/uploads\/2023\/08\/IMG_20210718_172747-1024x768.jpg 1024w, https:\/\/bildwerfer.de\/wp-content\/uploads\/2023\/08\/IMG_20210718_172747-768x576.jpg 768w, https:\/\/bildwerfer.de\/wp-content\/uploads\/2023\/08\/IMG_20210718_172747-1536x1152.jpg 1536w, https:\/\/bildwerfer.de\/wp-content\/uploads\/2023\/08\/IMG_20210718_172747-2048x1536.jpg 2048w, https:\/\/bildwerfer.de\/wp-content\/uploads\/2023\/08\/IMG_20210718_172747-250x188.jpg 250w, https:\/\/bildwerfer.de\/wp-content\/uploads\/2023\/08\/IMG_20210718_172747-307x230.jpg 307w\" sizes=\"(max-width: 328px) 100vw, 328px\" \/><\/strong><\/div>\r\n<div class=\"wp-block-column\"><span style=\"color: #008000;\"><a href=\"https:\/\/www.haendel-channel.de\/de\/videos\/ezio-game-of-rome\/\" style=\"color: #008000;\"><strong>\u21d2Ezio- Game of Rome<\/strong><\/a><\/span>&#8211; eine Hiphopera, eine Bearbeitung der H\u00e4ndeloper Geplante Premiere Mai 2020, \u00fcber 200 Beteiligte, Lokhalle G\u00f6ttingen, Internationale H\u00e4ndelfestspiele, verschoben auf 2021<\/div>\r\n<div class=\"wp-block-column\">Dozentin f\u00fcr Theater an der Montessorischule in G\u00f6ttingen<\/div>\r\n<div class=\"wp-block-column\"><strong>Familienbande Faramondo-<\/strong> Premiere 2014, Internationale H\u00e4ndelfestspiele G\u00f6ttingen, eigeladen zur EXPO 2015 nach Mailand &nbsp;<\/div>","protected":false},"excerpt":{"rendered":"<p>selbst konzipierte St\u00fccke\/Projekte (Auswahl) \u21d2NEXT LEVEL&#8211; ein Kindertheaterst\u00fcck \u00fcber Games, Premiere 3.6.2023, WERKRAUM G\u00f6ttingen, boat people projekt \u21d2\u00dcBERGELDSPRICHTMANNICHT&#8211; ein Theatergame \u00fcber den Spielplatz Finanzmarkt, Premiere 10.6.2022, WERKRAUM boat people projeket \u21d2\u00c4hm!?&#8211; ein mobiles Kinderst\u00fcck \u00fcber Sprache und Verst\u00e4ndigung auf portugiesisch und schwedisch und ein bisschen deutsch, Premiere 21.06.2021, WERKRAUM G\u00f6ttingen, [&hellip;]<\/p>\n","protected":false},"author":1,"featured_media":0,"parent":69,"menu_order":0,"comment_status":"closed","ping_status":"closed","template":"","meta":{"ngg_post_thumbnail":0,"footnotes":""},"_links":{"self":[{"href":"https:\/\/bildwerfer.de\/index.php?rest_route=\/wp\/v2\/pages\/922"}],"collection":[{"href":"https:\/\/bildwerfer.de\/index.php?rest_route=\/wp\/v2\/pages"}],"about":[{"href":"https:\/\/bildwerfer.de\/index.php?rest_route=\/wp\/v2\/types\/page"}],"author":[{"embeddable":true,"href":"https:\/\/bildwerfer.de\/index.php?rest_route=\/wp\/v2\/users\/1"}],"replies":[{"embeddable":true,"href":"https:\/\/bildwerfer.de\/index.php?rest_route=%2Fwp%2Fv2%2Fcomments&post=922"}],"version-history":[{"count":10,"href":"https:\/\/bildwerfer.de\/index.php?rest_route=\/wp\/v2\/pages\/922\/revisions"}],"predecessor-version":[{"id":974,"href":"https:\/\/bildwerfer.de\/index.php?rest_route=\/wp\/v2\/pages\/922\/revisions\/974"}],"up":[{"embeddable":true,"href":"https:\/\/bildwerfer.de\/index.php?rest_route=\/wp\/v2\/pages\/69"}],"wp:attachment":[{"href":"https:\/\/bildwerfer.de\/index.php?rest_route=%2Fwp%2Fv2%2Fmedia&parent=922"}],"curies":[{"name":"wp","href":"https:\/\/api.w.org\/{rel}","templated":true}]}}